{"id":22209,"date":"2020-08-25T23:32:08","date_gmt":"2020-08-25T20:32:08","guid":{"rendered":"https:\/\/silvento.com\/?page_id=22209"},"modified":"2023-02-13T12:25:43","modified_gmt":"2023-02-13T09:25:43","slug":"silvento-orion","status":"publish","type":"page","link":"https:\/\/silvento.com\/en\/silvento-orion\/","title":{"rendered":"Silvento Orion"},"content":{"rendered":"<div id=\"pl-22209\"  class=\"panel-layout\" ><div id=\"pg-22209-0\"  class=\"panel-grid panel-has-style\" ><div class=\"siteorigin-panels-stretch panel-row-style panel-row-style-for-22209-0\" data-stretch-type=\"full\" ><div id=\"pgc-22209-0-0\"  class=\"panel-grid-cell\" ><div class=\"panel-cell-style panel-cell-style-for-22209-0-0\" ><div id=\"panel-22209-0-0-0\" class=\"so-panel widget widget_sow-features panel-first-child panel-last-child\" data-index=\"0\" ><div class=\"panel-widget-style panel-widget-style-for-22209-0-0-0\" ><div class=\"so-widget-sow-features so-widget-sow-features-default-039eedbae4c9-22209\">\n<div class=\"sow-features-list sow-features-responsive\">\n\n\t\t\t\n\t\t\t<div class=\"sow-features-feature sow-icon-container-position-top sow-features-feature-last-row\" style=\"width: 100%\">\n\n\t\t\t\t\t\t\t\t<div\n\t\t\t\t\tclass=\"sow-icon-container sow-container-round\"\n                    style=\"color: #f2c11f; \"\n\t\t\t\t\t>\n\t\t\t\t\t<span class=\"sow-icon-ionicons\" data-sow-icon=\"&#xf356;\"\n\t\tstyle=\"font-size: 24px; color: #ffffff\" ><\/span>\t\t\t\t<\/div>\n\t\t\t\t\n\t\t\t\t<div class=\"textwidget\">\n\t\t\t\t\t\n\t\t\t\t\t\t\t\t\t\t\t<p style=\"text-align: center;\"><span style=\"font-size: 10pt; color: #003300;\"><strong><span style=\"color: #ff0000;\">WORLD WINNER 2021,<span style=\"color: #0000ff;\"> EUROPEAN WINNER 2021<br \/>\n<\/span><\/span><span style=\"color: #ff6600;\">C.I.B<\/span><br \/>\nChampion of Hungary &amp; Czech Republic<br \/>\n<\/strong><\/span><span style=\"font-size: 10pt; color: #003300;\"><strong>Junior Champion of Czech Republic<br \/>\n<span style=\"font-size: 8pt;\">5th at FCI European Coursing Championship 2021 The Netherlands<\/span><\/strong><\/span><\/p>\n\t\t\t\t\t\n\t\t\t\t\t\t\t\t\t<\/div>\n\t\t\t\t\t\t\t<\/div>\n\n\t\t\t\n<\/div>\n<\/div><\/div><\/div><\/div><\/div><\/div><\/div><div id=\"pg-22209-1\"  class=\"panel-grid panel-has-style\" ><div class=\"siteorigin-panels-stretch panel-row-style panel-row-style-for-22209-1\" data-stretch-type=\"full\" ><div id=\"pgc-22209-1-0\"  class=\"panel-grid-cell\" ><div class=\"panel-cell-style panel-cell-style-for-22209-1-0\" ><div id=\"panel-22209-1-0-0\" class=\"so-panel widget widget_sow-editor panel-first-child panel-last-child\" data-index=\"1\" ><div class=\"panel-widget-style panel-widget-style-for-22209-1-0-0\" ><div class=\"so-widget-sow-editor so-widget-sow-editor-base\"><h3 class=\"widget-title\">Profile:<\/h3>\n<div class=\"siteorigin-widget-tinymce textwidget\">\n\t<div class=\"siteorigin-widget-tinymce textwidget\">\n<p style=\"text-align: left;\"><span style=\"font-family: tahoma, arial, helvetica, sans-serif; font-size: 8pt;\"><strong><span style=\"text-decoration: underline;\">Nickname<\/span><\/strong>: Orion (Silvento Orion)<br \/>\n<span style=\"text-decoration: underline;\"><strong>Born<\/strong><\/span><strong>:<\/strong> April 27, 2020<br \/>\n<span style=\"text-decoration: underline;\"><strong>Breeder<\/strong><\/span><strong>:<\/strong>\u00a0kl \"Silvento\"<br \/>\n<strong><span style=\"text-decoration: underline;\">Owner<\/span>:<\/strong> Eva Kol\u00e1\u010dkov\u00e1\u00a0 <a href=\"https:\/\/silvento.com\/wp-content\/uploads\/cz.png\"><img loading=\"lazy\" decoding=\"async\" class=\"alignnone wp-image-18778\" src=\"https:\/\/silvento.com\/wp-content\/uploads\/cz.png\" alt=\"\" width=\"12\" height=\"8\" \/><\/a> CZ<\/span><br \/>\n<span style=\"font-size: 8pt; font-family: tahoma, arial, helvetica, sans-serif;\"><span style=\"text-decoration: underline;\"><strong>Height:<\/strong><\/span> 48 cm (9 months old)<br \/>\n<span style=\"text-decoration: underline;\"><strong>Hashtag:<\/strong><\/span> <a href=\"https:\/\/www.instagram.com\/explore\/tags\/silventoorion\/\" target=\"_blank\" rel=\"noopener noreferrer\">#SilventoOrion<\/a><\/span><\/p>\n<\/div>\n<\/div>\n<\/div><\/div><\/div><\/div><\/div><div id=\"pgc-22209-1-1\"  class=\"panel-grid-cell\" ><div class=\"panel-cell-style panel-cell-style-for-22209-1-1\" ><div id=\"panel-22209-1-1-0\" class=\"so-panel widget widget_sow-editor panel-first-child panel-last-child\" data-index=\"2\" ><div class=\"panel-widget-style panel-widget-style-for-22209-1-1-0\" ><div class=\"so-widget-sow-editor so-widget-sow-editor-base\"><h3 class=\"widget-title\">DNA tests and health:<\/h3>\n<div class=\"siteorigin-widget-tinymce textwidget\">\n\t<div class=\"siteorigin-widget-tinymce textwidget\">\n<p style=\"text-align: left;\"><span style=\"font-size: 8pt; font-family: tahoma, arial, helvetica, sans-serif;\"><strong>Degenerative myelopathy: <\/strong>coming soon<strong><br \/>\nLuxating patella: <\/strong>after he gets 2 y.o.<strong><br \/>\nHeart: <\/strong>\u041e\u041a (09\/2020)<strong><br \/>\nTeeth: <\/strong>full set of teeth\u00a0<strong><br \/>\n<\/strong><\/span><\/p>\n<\/div>\n<\/div>\n<\/div><\/div><\/div><\/div><\/div><\/div><\/div><div id=\"pg-22209-2\"  class=\"panel-grid panel-has-style\" ><div class=\"siteorigin-panels-stretch panel-row-style panel-row-style-for-22209-2\" data-stretch-type=\"full\" ><div id=\"pgc-22209-2-0\"  class=\"panel-grid-cell\" ><div class=\"panel-cell-style panel-cell-style-for-22209-2-0\" ><div id=\"panel-22209-2-0-0\" class=\"so-panel widget widget_sow-image panel-first-child panel-last-child\" data-index=\"3\" ><div class=\"panel-widget-style panel-widget-style-for-22209-2-0-0\" ><div class=\"so-widget-sow-image so-widget-sow-image-default-a5258576d588-22209\">\n\n<div class=\"sow-image-container\">\n\t\t\t<a\n\t\t\thref=\"https:\/\/silvento.com\/wp-content\/uploads\/Silvento-Orion-European-Winner-2021.jpg\"\n\t\t\t\t\t>\n\t\t\t<img decoding=\"async\" src=\"https:\/\/silvento.com\/wp-content\/uploads\/Silvento-Orion-European-Winner-2021.jpg\" width=\"1300\" height=\"867\" srcset=\"https:\/\/silvento.com\/wp-content\/uploads\/Silvento-Orion-European-Winner-2021.jpg 1300w, https:\/\/silvento.com\/wp-content\/uploads\/Silvento-Orion-European-Winner-2021-300x200.jpg 300w, https:\/\/silvento.com\/wp-content\/uploads\/Silvento-Orion-European-Winner-2021-1024x683.jpg 1024w, https:\/\/silvento.com\/wp-content\/uploads\/Silvento-Orion-European-Winner-2021-150x100.jpg 150w, https:\/\/silvento.com\/wp-content\/uploads\/Silvento-Orion-European-Winner-2021-768x512.jpg 768w, https:\/\/silvento.com\/wp-content\/uploads\/Silvento-Orion-European-Winner-2021-272x182.jpg 272w\" sizes=\"auto, (max-width: 1300px) 100vw, 1300px\" title=\"Silvento Orion European Winner-2021\" alt=\"\" loading=\"lazy\" \t\tclass=\"so-widget-image\"\/>\n\t<\/a><\/div>\n\n<\/div><\/div><\/div><\/div><\/div><div id=\"pgc-22209-2-1\"  class=\"panel-grid-cell\" ><div class=\"panel-cell-style panel-cell-style-for-22209-2-1\" ><div id=\"panel-22209-2-1-0\" class=\"so-panel widget widget_sow-editor panel-first-child panel-last-child\" data-index=\"4\" ><div class=\"panel-widget-style panel-widget-style-for-22209-2-1-0\" ><div class=\"so-widget-sow-editor so-widget-sow-editor-base\">\n<div class=\"siteorigin-widget-tinymce textwidget\">\n\t<p style=\"text-align: justify;\"><span style=\"font-size: 8pt;\">World winner 2021 Cirneco dell'Etna boy Silvento Orion - tender, brave, full of love and trust. He has amazing head and exterior as well as hunting qualities that were already seen from his early childhood. He was born from the true Sicilian-Italian cirneco couple from the stud of our Sicilian female and cirneco male from Italy - stud took place in Italy.<\/span><\/p>\n<p style=\"text-align: justify;\"><span style=\"font-size: 8pt;\">Silvento Orion is owned by Eva and lives in Czech Republic with other cirneco male Arvernus Najja Wai-Wad and we kept the breeding right for Silvento Orion and now I would tell that Eva and her family are the most amazing family that I could only with to Orion<\/span><\/p>\n<p style=\"text-align: justify;\"><span style=\"font-size: 8pt;\">According to mythology: \u2192 Orion - was a giant huntsman whom Zeus (or perhaps Artemis) placed among the stars as the constellation of Orion.<\/span><\/p>\n<\/div>\n<\/div><\/div><\/div><\/div><\/div><\/div><\/div><div id=\"pg-22209-3\"  class=\"panel-grid panel-has-style\" ><div class=\"siteorigin-panels-stretch panel-row-style panel-row-style-for-22209-3\" data-stretch-type=\"full\" ><div id=\"pgc-22209-3-0\"  class=\"panel-grid-cell\" ><div class=\"panel-cell-style panel-cell-style-for-22209-3-0\" ><div id=\"panel-22209-3-0-0\" class=\"so-panel widget widget_sow-editor panel-first-child panel-last-child\" data-index=\"5\" ><div class=\"so-widget-sow-editor so-widget-sow-editor-base\"><h3 class=\"widget-title\">Pedigree<\/h3>\n<div class=\"siteorigin-widget-tinymce textwidget\">\n\t<div><span style=\"font-size: 8pt;\">COI \u2192 5,19 % (4 generations) <\/span><\/div>\n<table style=\"border-collapse: collapse; width: 100%; height: 201px;\" border=\"1\">\n<tbody>\n<tr style=\"height: 24px;\">\n<td style=\"text-align: left; width: 37.1205%; height: 105px;\" rowspan=\"4\"><span style=\"font-size: 8pt;\"><img loading=\"lazy\" decoding=\"async\" src=\"http:\/\/silvento.com\/wp-content\/uploads\/ie.gif\" alt=\"ie ireland italian greyhound\" width=\"16\" height=\"11\" \/> WW 2014, EU W 2013\u00a0 <a href=\"https:\/\/cirneco.breedarchive.com\/animal\/view\/hadranensis-toto-5f95869f-d2a7-4511-b7f7-64a5372c8c87\" target=\"_blank\" rel=\"noopener noreferrer\">Hadranensis Toto<\/a><\/span><\/td>\n<td style=\"text-align: left; width: 32.0274%; height: 48px;\" rowspan=\"2\"><span style=\"font-size: 8pt;\"><img loading=\"lazy\" decoding=\"async\" src=\"http:\/\/silvento.com\/wp-content\/uploads\/ie.gif\" alt=\"ie ireland italian greyhound\" width=\"16\" height=\"11\" \/>\u00a0Pablo<\/span><\/td>\n<td style=\"text-align: left; width: 30.7542%; height: 24px;\" width=\"161\"><span style=\"font-size: 8pt;\"><img loading=\"lazy\" decoding=\"async\" src=\"http:\/\/silvento.com\/wp-content\/uploads\/ie.gif\" alt=\"ie ireland italian greyhound\" width=\"16\" height=\"11\" \/> Boss<\/span><\/td>\n<\/tr>\n<tr style=\"height: 24px;\">\n<td style=\"text-align: left; width: 30.7542%; height: 24px;\" width=\"161\"><span style=\"font-size: 8pt;\"><img loading=\"lazy\" decoding=\"async\" src=\"http:\/\/silvento.com\/wp-content\/uploads\/ie.gif\" alt=\"ie ireland italian greyhound\" width=\"16\" height=\"11\" \/> Gemma<\/span><\/td>\n<\/tr>\n<tr style=\"height: 48px;\">\n<td style=\"text-align: left; width: 32.0274%; height: 57px;\" rowspan=\"2\"><span style=\"font-size: 8pt;\"><img loading=\"lazy\" decoding=\"async\" src=\"http:\/\/silvento.com\/wp-content\/uploads\/ie.gif\" alt=\"ie ireland italian greyhound\" width=\"16\" height=\"11\" \/> EU W 2003, VWW 2009\u00a0 Patti<\/span><\/td>\n<td style=\"text-align: left; width: 30.7542%; height: 33px;\" width=\"161\"><span style=\"font-size: 8pt;\"><img loading=\"lazy\" decoding=\"async\" src=\"http:\/\/silvento.com\/wp-content\/uploads\/ie.gif\" alt=\"ie ireland italian greyhound\" width=\"16\" height=\"11\" \/> WW 1994, VWW 2000\u00a0 Toto'<\/span><\/td>\n<\/tr>\n<tr style=\"height: 24px;\">\n<td style=\"text-align: left; width: 30.7542%; height: 24px;\" align=\"center\" width=\"161\"><span style=\"font-size: 8pt;\"><img loading=\"lazy\" decoding=\"async\" src=\"http:\/\/silvento.com\/wp-content\/uploads\/ie.gif\" alt=\"ie ireland italian greyhound\" width=\"16\" height=\"11\" \/> Rosy<\/span><\/td>\n<\/tr>\n<tr style=\"height: 24px;\">\n<td style=\"text-align: left; width: 37.1205%; height: 96px;\" rowspan=\"4\"><span style=\"font-size: 8pt;\"><img loading=\"lazy\" decoding=\"async\" src=\"http:\/\/silvento.com\/wp-content\/uploads\/ie.gif\" alt=\"ie ireland italian greyhound\" width=\"16\" height=\"11\" \/> INT CH <a href=\"https:\/\/silvento.com\/en\/cirneco-creta-del-gelso-bianco\/\" target=\"_blank\" rel=\"noopener noreferrer\">creta del<\/a><\/span><\/td>\n<td style=\"text-align: left; width: 32.0274%; height: 48px;\" rowspan=\"2\"><span style=\"font-size: 8pt;\"><img loading=\"lazy\" decoding=\"async\" src=\"http:\/\/silvento.com\/wp-content\/uploads\/ie.gif\" alt=\"ie ireland italian greyhound\" width=\"16\" height=\"11\" \/> \u0421H\u00a0<a href=\"http:\/\/silvento.com\/wp-content\/uploads\/cirneco-Kiro.jpg\" target=\"_blank\" rel=\"noopener noreferrer\">Kiro<\/a><\/span><\/td>\n<td style=\"text-align: left; width: 30.7542%; height: 24px;\" width=\"161\"><span style=\"font-size: 8pt;\"><img loading=\"lazy\" decoding=\"async\" src=\"http:\/\/silvento.com\/wp-content\/uploads\/ie.gif\" alt=\"ie ireland italian greyhound\" width=\"16\" height=\"11\" \/>\u00a0CH\u00a0Willy<\/span><\/td>\n<\/tr>\n<tr style=\"height: 24px;\">\n<td style=\"text-align: left; width: 30.7542%; height: 24px;\" align=\"center\" width=\"161\"><span style=\"font-size: 8pt;\"><img loading=\"lazy\" decoding=\"async\" src=\"http:\/\/silvento.com\/wp-content\/uploads\/ie.gif\" alt=\"ie ireland italian greyhound\" width=\"16\" height=\"11\" \/> CH\u00a0Brina Del Gelso Bianco<\/span><\/td>\n<\/tr>\n<tr style=\"height: 24px;\">\n<td style=\"text-align: left; width: 32.0274%; height: 48px;\" rowspan=\"2\"><span style=\"font-size: 8pt;\"><img loading=\"lazy\" decoding=\"async\" src=\"http:\/\/silvento.com\/wp-content\/uploads\/ie.gif\" alt=\"ie ireland italian greyhound\" width=\"16\" height=\"11\" \/> <a href=\"http:\/\/silvento.com\/wp-content\/uploads\/cirneco_Bimba.jpg\" target=\"_blank\" rel=\"noopener noreferrer\">Bimba<\/a><\/span><\/td>\n<td style=\"text-align: left; width: 30.7542%; height: 24px;\" width=\"161\"><span style=\"font-size: 8pt;\"><img loading=\"lazy\" decoding=\"async\" src=\"http:\/\/silvento.com\/wp-content\/uploads\/ie.gif\" alt=\"ie ireland italian greyhound\" width=\"16\" height=\"11\" \/> CH Mose'\u00a0Del Gelso Bianco<\/span><\/td>\n<\/tr>\n<tr style=\"height: 38px;\">\n<td style=\"text-align: left; width: 30.7542%; height: 24px;\" width=\"161\"><span style=\"font-size: 8pt;\"><img loading=\"lazy\" decoding=\"async\" src=\"http:\/\/silvento.com\/wp-content\/uploads\/ie.gif\" alt=\"ie ireland italian greyhound\" width=\"16\" height=\"11\" \/> Ape<\/span><\/td>\n<\/tr>\n<\/tbody>\n<\/table>\n<\/div>\n<\/div><\/div><\/div><\/div><\/div><\/div><div id=\"pg-22209-4\"  class=\"panel-grid panel-has-style\" ><div class=\"siteorigin-panels-stretch panel-row-style panel-row-style-for-22209-4\" data-stretch-type=\"full\" ><div id=\"pgc-22209-4-0\"  class=\"panel-grid-cell\" ><div id=\"panel-22209-4-0-0\" class=\"so-panel widget widget_media_gallery panel-first-child panel-last-child\" data-index=\"6\" ><div class=\"panel-widget-style panel-widget-style-for-22209-4-0-0\" ><div id='gallery-1' class='gallery galleryid-22209 gallery-columns-4 gallery-size-thumbnail'><figure class='gallery-item'>\n\t\t\t<div class='gallery-icon landscape'>\n\t\t\t\t<a href='https:\/\/silvento.com\/wp-content\/uploads\/Silvento-Orion-cirneco-14mo.jpg'><img loading=\"lazy\" decoding=\"async\" width=\"150\" height=\"100\" src=\"https:\/\/silvento.com\/wp-content\/uploads\/Silvento-Orion-cirneco-14mo-150x100.jpg\" class=\"attachment-thumbnail size-thumbnail\" alt=\"\" srcset=\"https:\/\/silvento.com\/wp-content\/uploads\/Silvento-Orion-cirneco-14mo-150x100.jpg 150w, https:\/\/silvento.com\/wp-content\/uploads\/Silvento-Orion-cirneco-14mo-300x200.jpg 300w, https:\/\/silvento.com\/wp-content\/uploads\/Silvento-Orion-cirneco-14mo-768x513.jpg 768w, https:\/\/silvento.com\/wp-content\/uploads\/Silvento-Orion-cirneco-14mo-272x182.jpg 272w, https:\/\/silvento.com\/wp-content\/uploads\/Silvento-Orion-cirneco-14mo.jpg 960w\" sizes=\"auto, (max-width: 150px) 100vw, 150px\" \/><\/a>\n\t\t\t<\/div><\/figure><figure class='gallery-item'>\n\t\t\t<div class='gallery-icon landscape'>\n\t\t\t\t<a href='https:\/\/silvento.com\/wp-content\/uploads\/Silvento-Orion-Mlada-Boleslav.jpg'><img loading=\"lazy\" decoding=\"async\" width=\"150\" height=\"108\" src=\"https:\/\/silvento.com\/wp-content\/uploads\/Silvento-Orion-Mlada-Boleslav-150x108.jpg\" class=\"attachment-thumbnail size-thumbnail\" alt=\"Silvento Orion\" srcset=\"https:\/\/silvento.com\/wp-content\/uploads\/Silvento-Orion-Mlada-Boleslav-150x108.jpg 150w, https:\/\/silvento.com\/wp-content\/uploads\/Silvento-Orion-Mlada-Boleslav-300x216.jpg 300w, https:\/\/silvento.com\/wp-content\/uploads\/Silvento-Orion-Mlada-Boleslav-1024x737.jpg 1024w, https:\/\/silvento.com\/wp-content\/uploads\/Silvento-Orion-Mlada-Boleslav-768x552.jpg 768w, https:\/\/silvento.com\/wp-content\/uploads\/Silvento-Orion-Mlada-Boleslav.jpg 1233w\" sizes=\"auto, (max-width: 150px) 100vw, 150px\" \/><\/a>\n\t\t\t<\/div><\/figure><figure class='gallery-item'>\n\t\t\t<div class='gallery-icon portrait'>\n\t\t\t\t<a href='https:\/\/silvento.com\/wp-content\/uploads\/Silvento-Orion-cirneco-puppy.jpg'><img loading=\"lazy\" decoding=\"async\" width=\"100\" height=\"150\" src=\"https:\/\/silvento.com\/wp-content\/uploads\/Silvento-Orion-cirneco-puppy-100x150.jpg\" class=\"attachment-thumbnail size-thumbnail\" alt=\"\" srcset=\"https:\/\/silvento.com\/wp-content\/uploads\/Silvento-Orion-cirneco-puppy-100x150.jpg 100w, https:\/\/silvento.com\/wp-content\/uploads\/Silvento-Orion-cirneco-puppy-199x300.jpg 199w, https:\/\/silvento.com\/wp-content\/uploads\/Silvento-Orion-cirneco-puppy.jpg 465w\" sizes=\"auto, (max-width: 100px) 100vw, 100px\" \/><\/a>\n\t\t\t<\/div><\/figure><figure class='gallery-item'>\n\t\t\t<div class='gallery-icon landscape'>\n\t\t\t\t<a href='https:\/\/silvento.com\/wp-content\/uploads\/cirneco-Silvento-Orion-3-days-old.jpg'><img loading=\"lazy\" decoding=\"async\" width=\"150\" height=\"100\" src=\"https:\/\/silvento.com\/wp-content\/uploads\/cirneco-Silvento-Orion-3-days-old-150x100.jpg\" class=\"attachment-thumbnail size-thumbnail\" alt=\"\" srcset=\"https:\/\/silvento.com\/wp-content\/uploads\/cirneco-Silvento-Orion-3-days-old-150x100.jpg 150w, https:\/\/silvento.com\/wp-content\/uploads\/cirneco-Silvento-Orion-3-days-old-300x200.jpg 300w, https:\/\/silvento.com\/wp-content\/uploads\/cirneco-Silvento-Orion-3-days-old.jpg 550w\" sizes=\"auto, (max-width: 150px) 100vw, 150px\" \/><\/a>\n\t\t\t<\/div><\/figure>\n\t\t<\/div>\n<\/div><\/div><\/div><\/div><\/div><\/div>","protected":false},"excerpt":{"rendered":"<p>Nickname: Orion (Silvento Orion) Born: April 27, 2020 Breeder:\u00a0kl &#8220;Silvento&#8221; Owner: Eva Kol\u00e1\u010dkov\u00e1\u00a0 CZ Height: 48 cm (9 months old) Hashtag: #SilventoOrion Degenerative myelopathy: coming soon Luxating patella: after he gets 2 y.o. Heart: \u041e\u041a (09\/2020) Teeth: full set of teeth\u00a0<\/p>\n","protected":false},"author":4,"featured_media":24420,"parent":0,"menu_order":0,"comment_status":"closed","ping_status":"closed","template":"","meta":{"footnotes":""},"class_list":["post-22209","page","type-page","status-publish","has-post-thumbnail","hentry"],"_links":{"self":[{"href":"https:\/\/silvento.com\/en\/wp-json\/wp\/v2\/pages\/22209","targetHints":{"allow":["GET"]}}],"collection":[{"href":"https:\/\/silvento.com\/en\/wp-json\/wp\/v2\/pages"}],"about":[{"href":"https:\/\/silvento.com\/en\/wp-json\/wp\/v2\/types\/page"}],"author":[{"embeddable":true,"href":"https:\/\/silvento.com\/en\/wp-json\/wp\/v2\/users\/4"}],"replies":[{"embeddable":true,"href":"https:\/\/silvento.com\/en\/wp-json\/wp\/v2\/comments?post=22209"}],"version-history":[{"count":3,"href":"https:\/\/silvento.com\/en\/wp-json\/wp\/v2\/pages\/22209\/revisions"}],"predecessor-version":[{"id":25176,"href":"https:\/\/silvento.com\/en\/wp-json\/wp\/v2\/pages\/22209\/revisions\/25176"}],"wp:featuredmedia":[{"embeddable":true,"href":"https:\/\/silvento.com\/en\/wp-json\/wp\/v2\/media\/24420"}],"wp:attachment":[{"href":"https:\/\/silvento.com\/en\/wp-json\/wp\/v2\/media?parent=22209"}],"curies":[{"name":"wp","href":"https:\/\/api.w.org\/{rel}","templated":true}]}}